{"id":484,"date":"2025-11-10T18:20:33","date_gmt":"2025-11-10T18:20:33","guid":{"rendered":"https:\/\/metodopeniel.es\/?page_id=484"},"modified":"2025-11-11T15:51:50","modified_gmt":"2025-11-11T15:51:50","slug":"bloc-dautoconeixement-integral","status":"publish","type":"page","link":"https:\/\/metodopeniel.es\/ca\/bloc-dautoconeixement-integral\/","title":{"rendered":"Blog"},"content":{"rendered":"<div data-elementor-type=\"wp-page\" data-elementor-id=\"484\" class=\"elementor elementor-484\" data-elementor-post-type=\"page\">\n\t\t\t\t<div class=\"elementor-element elementor-element-7081dd5 e-flex e-con-boxed e-con e-parent\" data-id=\"7081dd5\" data-element_type=\"container\" data-e-type=\"container\" data-settings=\"{&quot;background_background&quot;:&quot;video&quot;,&quot;background_video_link&quot;:&quot;https:\\\/\\\/www.pexels.com\\\/es-es\\\/download\\\/video\\\/5271930\\\/&quot;,&quot;background_play_on_mobile&quot;:&quot;yes&quot;}\">\n\t\t\t\t\t<div class=\"e-con-inner\">\n\t\t<div class=\"elementor-background-video-container\">\n\t\t\t\t\t\t\t<video class=\"elementor-background-video-hosted\" role=\"presentation\" autoplay muted playsinline loop><\/video>\n\t\t\t\t\t<\/div><div class=\"elementor-element elementor-element-63e42d0 e-con-full e-flex e-con e-child\" data-id=\"63e42d0\" data-element_type=\"container\" data-e-type=\"container\">\n\t\t\t\t<div class=\"elementor-element elementor-element-174d7af elementor-widget elementor-widget-breadcrumbs\" data-id=\"174d7af\" data-element_type=\"widget\" data-e-type=\"widget\" data-widget_type=\"breadcrumbs.default\">\n\t\t\t\t<div class=\"elementor-widget-container\">\n\t\t\t\t\t<nav aria-label=\"breadcrumbs\" class=\"rank-math-breadcrumb\"><p><span class=\"last\">Inici<\/span><\/p><\/nav>\t\t\t\t<\/div>\n\t\t\t\t<\/div>\n\t\t\t\t<div class=\"elementor-element elementor-element-b8f4b35 elementor-headline--style-highlight elementor-invisible elementor-widget elementor-widget-animated-headline\" data-id=\"b8f4b35\" data-element_type=\"widget\" data-e-type=\"widget\" data-settings=\"{&quot;highlighted_text&quot;:&quot;Blog &quot;,&quot;_animation&quot;:&quot;fadeInUp&quot;,&quot;_animation_delay&quot;:200,&quot;marker&quot;:&quot;underline&quot;,&quot;headline_style&quot;:&quot;highlight&quot;,&quot;loop&quot;:&quot;yes&quot;,&quot;highlight_animation_duration&quot;:1200,&quot;highlight_iteration_delay&quot;:8000}\" data-widget_type=\"animated-headline.default\">\n\t\t\t\t\t\t\t<h1 class=\"elementor-headline\">\n\t\t\t\t<span class=\"elementor-headline-dynamic-wrapper elementor-headline-text-wrapper\">\n\t\t\t\t\t<span class=\"elementor-headline-dynamic-text elementor-headline-text-active\">Blog <\/span>\n\t\t\t\t<\/span>\n\t\t\t\t\t<span class=\"elementor-headline-plain-text elementor-headline-text-wrapper\">d&#039;autoconeixement integral<\/span>\n\t\t\t\t\t<\/h1>\n\t\t\t\t\t\t<\/div>\n\t\t\t\t<div class=\"elementor-element elementor-element-0a72608 elementor-widget__width-initial elementor-widget elementor-widget-text-editor\" data-id=\"0a72608\" data-element_type=\"widget\" data-e-type=\"widget\" data-widget_type=\"text-editor.default\">\n\t\t\t\t\t\t\t\t\t<p>Benvingut al <strong data-start=\"1404\" data-end=\"1458\">Blog d&#039;autoconeixement integral de M\u00e8tode PENIEL<\/strong>, un espai creat per inspirar-te i acompanyar-te en el teu proc\u00e9s de creixement personal i espiritual. Aqu\u00ed trobar\u00e0s articles, reflexions i eines pr\u00e0ctiques sobre <strong data-start=\"1631\" data-end=\"1697\">sanaci\u00f3 interior, prop\u00f2sit de vida i transformaci\u00f3 integral<\/strong>.<br data-start=\"1698\" data-end=\"1701\" \/>El nostre objectiu \u00e9s ajudar-te a comprendre qui ets, alliberar bloquejos emocionals i viure amb coher\u00e8ncia entre all\u00f2 que penses, sents i fas.<\/p>\t\t\t\t\t\t\t\t<\/div>\n\t\t\t\t<\/div>\n\t\t\t\t\t<\/div>\n\t\t\t\t<\/div>\n\t\t<div class=\"elementor-element elementor-element-8e1a5e0 e-flex e-con-boxed e-con e-parent\" data-id=\"8e1a5e0\" data-element_type=\"container\" data-e-type=\"container\">\n\t\t\t\t\t<div class=\"e-con-inner\">\n\t\t\t\t<div class=\"elementor-element elementor-element-6453ba1 elementor-grid-3 elementor-grid-tablet-2 elementor-grid-mobile-1 elementor-posts--thumbnail-top elementor-card-shadow-yes elementor-posts__hover-gradient elementor-widget elementor-widget-posts\" data-id=\"6453ba1\" data-element_type=\"widget\" data-e-type=\"widget\" data-settings=\"{&quot;pagination_type&quot;:&quot;numbers&quot;,&quot;cards_columns&quot;:&quot;3&quot;,&quot;cards_columns_tablet&quot;:&quot;2&quot;,&quot;cards_columns_mobile&quot;:&quot;1&quot;,&quot;cards_row_gap&quot;:{&quot;unit&quot;:&quot;px&quot;,&quot;size&quot;:35,&quot;sizes&quot;:[]},&quot;cards_row_gap_tablet&quot;:{&quot;unit&quot;:&quot;px&quot;,&quot;size&quot;:&quot;&quot;,&quot;sizes&quot;:[]},&quot;cards_row_gap_mobile&quot;:{&quot;unit&quot;:&quot;px&quot;,&quot;size&quot;:&quot;&quot;,&quot;sizes&quot;:[]}}\" data-widget_type=\"posts.cards\">\n\t\t\t\t<div class=\"elementor-widget-container\">\n\t\t\t\t\t\t\t<div class=\"elementor-posts-container elementor-posts elementor-posts--skin-cards elementor-grid\" role=\"list\">\n\t\t\t\t<article class=\"elementor-post elementor-grid-item post-855 post type-post status-publish format-standard has-post-thumbnail hentry category-programa-para-empresas tag-bienestar-organizacional tag-gestion-de-equipos tag-liderazgo tag-trabajo-en-equipo-organizacional\" role=\"listitem\">\n\t\t\t<div class=\"elementor-post__card\">\n\t\t\t\t<a class=\"elementor-post__thumbnail__link\" href=\"https:\/\/metodopeniel.es\/ca\/gestio-dequips-llicons-lideratge-casa-valls\/\" tabindex=\"-1\" ><div class=\"elementor-post__thumbnail\"><img fetchpriority=\"high\" decoding=\"async\" width=\"300\" height=\"200\" src=\"https:\/\/metodopeniel.es\/wp-content\/uploads\/2026\/05\/pexels-valeriya-25388988-300x200.jpg\" class=\"attachment-medium size-medium wp-image-856\" alt=\"Gesti\u00f3 d&#039;Equips de Frankfurt Casa del Vall\u00e8s\" srcset=\"https:\/\/metodopeniel.es\/wp-content\/uploads\/2026\/05\/pexels-valeriya-25388988-300x200.jpg 300w, https:\/\/metodopeniel.es\/wp-content\/uploads\/2026\/05\/pexels-valeriya-25388988-1024x683.jpg 1024w, https:\/\/metodopeniel.es\/wp-content\/uploads\/2026\/05\/pexels-valeriya-25388988-768x512.jpg 768w, https:\/\/metodopeniel.es\/wp-content\/uploads\/2026\/05\/pexels-valeriya-25388988-1536x1025.jpg 1536w, https:\/\/metodopeniel.es\/wp-content\/uploads\/2026\/05\/pexels-valeriya-25388988-2048x1366.jpg 2048w, https:\/\/metodopeniel.es\/wp-content\/uploads\/2026\/05\/pexels-valeriya-25388988-18x12.jpg 18w\" sizes=\"(max-width: 300px) 100vw, 300px\" title=\"\"><\/div><\/a>\n\t\t\t\t<div class=\"elementor-post__text\">\n\t\t\t\t<div class=\"elementor-post__title\">\n\t\t\t<a href=\"https:\/\/metodopeniel.es\/ca\/gestio-dequips-llicons-lideratge-casa-valls\/\" >\n\t\t\t\tGesti\u00f3 dequips d\u00e8xit: lli\u00e7ons de lideratge del Frankfurt Casa Vall\u00e8s.\t\t\t<\/a>\n\t\t<\/div>\n\t\t\t\t<div class=\"elementor-post__excerpt\">\n\t\t\t<p>Alguna vegada has sentit que a la teva empresa tots corren, per\u00f2 ning\u00fa arriba a la<\/p>\n\t\t<\/div>\n\t\t\n\t\t<a class=\"elementor-post__read-more\" href=\"https:\/\/metodopeniel.es\/ca\/gestio-dequips-llicons-lideratge-casa-valls\/\" aria-label=\"Read more about Gesti\u00f3n de equipos de \u00e9xito: lecciones de liderazgo del Frankfurt Casa Vall\u00e8s.\" tabindex=\"-1\" >\n\t\t\tLlegir m\u00e9s \u00bb\t\t<\/a>\n\n\t\t\t\t<\/div>\n\t\t\t\t<div class=\"elementor-post__meta-data\">\n\t\t\t\t\t<span class=\"elementor-post-date\">\n\t\t\tmaig 12, 2026\t\t<\/span>\n\t\t\t\t<\/div>\n\t\t\t\t\t<\/div>\n\t\t<\/article>\n\t\t\t\t<article class=\"elementor-post elementor-grid-item post-570 post type-post status-publish format-standard has-post-thumbnail hentry category-uncategorized\" role=\"listitem\">\n\t\t\t<div class=\"elementor-post__card\">\n\t\t\t\t<a class=\"elementor-post__thumbnail__link\" href=\"https:\/\/metodopeniel.es\/ca\/que-es-lautoconeixement-integral-i-com-pot-transformar-la-teva-vida\/\" tabindex=\"-1\" ><div class=\"elementor-post__thumbnail\"><img decoding=\"async\" width=\"300\" height=\"200\" data-src=\"https:\/\/metodopeniel.es\/wp-content\/uploads\/2025\/11\/metodo-peniel-3_OP-300x200.webp\" class=\"attachment-medium size-medium wp-image-303 lazyload\" alt=\"descobreix el sentit de la vida\" data-srcset=\"https:\/\/metodopeniel.es\/wp-content\/uploads\/2025\/11\/metodo-peniel-3_OP-300x200.webp 300w, https:\/\/metodopeniel.es\/wp-content\/uploads\/2025\/11\/metodo-peniel-3_OP-1024x683.webp 1024w, https:\/\/metodopeniel.es\/wp-content\/uploads\/2025\/11\/metodo-peniel-3_OP-768x512.webp 768w, https:\/\/metodopeniel.es\/wp-content\/uploads\/2025\/11\/metodo-peniel-3_OP-1536x1024.webp 1536w, https:\/\/metodopeniel.es\/wp-content\/uploads\/2025\/11\/metodo-peniel-3_OP-2048x1365.webp 2048w, https:\/\/metodopeniel.es\/wp-content\/uploads\/2025\/11\/metodo-peniel-3_OP-scaled-e1766066867308.webp 419w\" data-sizes=\"(max-width: 300px) 100vw, 300px\" title=\"\" src=\"data:image\/svg+xml;base64,PHN2ZyB3aWR0aD0iMSIgaGVpZ2h0PSIxIiB4bWxucz0iaHR0cDovL3d3dy53My5vcmcvMjAwMC9zdmciPjwvc3ZnPg==\" style=\"--smush-placeholder-width: 300px; --smush-placeholder-aspect-ratio: 300\/200;\"><\/div><\/a>\n\t\t\t\t<div class=\"elementor-post__text\">\n\t\t\t\t<div class=\"elementor-post__title\">\n\t\t\t<a href=\"https:\/\/metodopeniel.es\/ca\/que-es-lautoconeixement-integral-i-com-pot-transformar-la-teva-vida\/\" >\n\t\t\t\tQu\u00e8 \u00e9s l&#039;autoconeixement integral i com pots transformar la teva vida\t\t\t<\/a>\n\t\t<\/div>\n\t\t\t\t<div class=\"elementor-post__excerpt\">\n\t\t\t<p>L&#039;autoconeixement integral \u00e9s molt m\u00e9s que mirar-se cap endins: \u00e9s un proc\u00e9s profund que<\/p>\n\t\t<\/div>\n\t\t\n\t\t<a class=\"elementor-post__read-more\" href=\"https:\/\/metodopeniel.es\/ca\/que-es-lautoconeixement-integral-i-com-pot-transformar-la-teva-vida\/\" aria-label=\"Read more about Qu\u00e9 es el autoconocimiento integral y c\u00f3mo puede transformar tu vida\" tabindex=\"-1\" >\n\t\t\tLlegir m\u00e9s \u00bb\t\t<\/a>\n\n\t\t\t\t<\/div>\n\t\t\t\t<div class=\"elementor-post__meta-data\">\n\t\t\t\t\t<span class=\"elementor-post-date\">\n\t\t\tnovembre 11, 2025\t\t<\/span>\n\t\t\t\t<\/div>\n\t\t\t\t\t<\/div>\n\t\t<\/article>\n\t\t\t\t<\/div>\n\t\t\n\t\t\t\t\t\t<\/div>\n\t\t\t\t<\/div>\n\t\t\t\t\t<\/div>\n\t\t\t\t<\/div>\n\t\t\t\t<\/div>","protected":false},"excerpt":{"rendered":"<p>Inicio Blog de autoconocimiento integral Bienvenido al Blog de autoconocimiento integral de M\u00e9todo PENIEL, un espacio creado para inspirarte y acompa\u00f1arte en tu proceso de crecimiento personal y espiritual. Aqu\u00ed encontrar\u00e1s art\u00edculos, reflexiones y herramientas pr\u00e1cticas sobre sanaci\u00f3n interior, prop\u00f3sito de vida y transformaci\u00f3n integral.Nuestro objetivo es ayudarte a comprender qui\u00e9n eres, liberar bloqueos emocionales [&hellip;]<\/p>\n","protected":false},"author":1,"featured_media":0,"parent":0,"menu_order":0,"comment_status":"closed","ping_status":"closed","template":"elementor_header_footer","meta":{"footnotes":""},"class_list":["post-484","page","type-page","status-publish","hentry"],"_links":{"self":[{"href":"https:\/\/metodopeniel.es\/ca\/wp-json\/wp\/v2\/pages\/484","targetHints":{"allow":["GET"]}}],"collection":[{"href":"https:\/\/metodopeniel.es\/ca\/wp-json\/wp\/v2\/pages"}],"about":[{"href":"https:\/\/metodopeniel.es\/ca\/wp-json\/wp\/v2\/types\/page"}],"author":[{"embeddable":true,"href":"https:\/\/metodopeniel.es\/ca\/wp-json\/wp\/v2\/users\/1"}],"replies":[{"embeddable":true,"href":"https:\/\/metodopeniel.es\/ca\/wp-json\/wp\/v2\/comments?post=484"}],"version-history":[{"count":22,"href":"https:\/\/metodopeniel.es\/ca\/wp-json\/wp\/v2\/pages\/484\/revisions"}],"predecessor-version":[{"id":654,"href":"https:\/\/metodopeniel.es\/ca\/wp-json\/wp\/v2\/pages\/484\/revisions\/654"}],"wp:attachment":[{"href":"https:\/\/metodopeniel.es\/ca\/wp-json\/wp\/v2\/media?parent=484"}],"curies":[{"name":"wp","href":"https:\/\/api.w.org\/{rel}","templated":true}]}}