{"id":551,"date":"2025-11-10T19:45:31","date_gmt":"2025-11-10T19:45:31","guid":{"rendered":"https:\/\/metodopeniel.es\/?page_id=551"},"modified":"2026-04-21T11:37:48","modified_gmt":"2026-04-21T11:37:48","slug":"politica-de-privadesa","status":"publish","type":"page","link":"https:\/\/metodopeniel.es\/ca\/politica-de-privadesa\/","title":{"rendered":"Pol\u00edtica de privadesa"},"content":{"rendered":"<div data-elementor-type=\"wp-page\" data-elementor-id=\"551\" class=\"elementor elementor-551\" data-elementor-post-type=\"page\">\n\t\t\t\t<div class=\"elementor-element elementor-element-2517c5d e-flex e-con-boxed e-con e-parent\" data-id=\"2517c5d\" data-element_type=\"container\" data-e-type=\"container\">\n\t\t\t\t\t<div class=\"e-con-inner\">\n\t\t\t\t<div class=\"elementor-element elementor-element-9088ae9 elementor-widget elementor-widget-heading\" data-id=\"9088ae9\" data-element_type=\"widget\" data-e-type=\"widget\" data-widget_type=\"heading.default\">\n\t\t\t\t\t<h1 class=\"elementor-heading-title elementor-size-default\">Pol\u00edtica de privadesa<\/h1>\t\t\t\t<\/div>\n\t\t\t\t<div class=\"elementor-element elementor-element-0eb36c0 elementor-widget elementor-widget-text-editor\" data-id=\"0eb36c0\" data-element_type=\"widget\" data-e-type=\"widget\" data-widget_type=\"text-editor.default\">\n\t\t\t\t\t\t\t\t\t<p>Informaci\u00f3 en compliment de la normativa de protecci\u00f3 de dades personals<\/p><p>A Europa ia Espanya hi ha normes de protecci\u00f3 de dades pensades per protegir la seva<br \/>informaci\u00f3 personal de compliment obligat per a la nostra entitat. Per aix\u00f2, \u00e9s molt important per a nosaltres que entengui perfectament qu\u00e8 farem amb les dades personals que us demanem.<br \/>Aix\u00ed, serem transparents i us donarem el control de les vostres dades, amb un llenguatge senzill i opcions clares que us permetran decidir qu\u00e8 farem amb la vostra informaci\u00f3 personal.<br \/>Si us plau, si un cop llegida aquesta informaci\u00f3 us queda algun dubte, no dubteu a preguntar-nos.<br \/>Moltes gr\u00e0cies per la vostra col\u00b7laboraci\u00f3.<\/p><p><br \/>\uf0b7 <strong>Qui som?<\/strong><br \/>o La nostra denominaci\u00f3: MILENA ORTEGA CUBERO<br \/>o El nostre CIF \/ NIF: 17571657W<br \/>o La nostra activitat principal: Facilitadora M\u00e8tode PENELL<br \/>o La nostra adre\u00e7a: Rambla d&#039;Egara 370, 6-2, 08221 \u2013 TERRASSA (Barcelona)<br \/>o El nostre tel\u00e8fon de contacte: +34 691743713<br \/>o La nostra adre\u00e7a de correu electr\u00f2nic de contacte:<br \/>milena.ortega@metodopeniel.com<br \/>o La nostra p\u00e0gina web: https:\/\/www.metodopeniel.es<\/p><p>Estem a la vostra disposici\u00f3, no dubteu a contactar amb nosaltres.<\/p><p><br \/>\uf0b7 <strong>Per qu\u00e8 utilitzarem les vostres dades?<\/strong><\/p><p>Amb car\u00e0cter general, les seves dades personals seran utilitzades per poder relacionar-nos amb vost\u00e8 i poder prestar-li els nostres serveis.<br \/>Aix\u00ed mateix, tamb\u00e9 poden ser usats per a altres activitats, com enviar publicitat o promocionar les nostres activitats.<\/p><p><br \/>\uf0b7 <strong>Per qu\u00e8 necessitem fer servir les seves dades?<\/strong><br \/>Les vostres dades personals s\u00f3n necess\u00e0ries per poder relacionar-nos amb vost\u00e8 i poder prestar-li els nostres serveis. En aquest sentit, posarem a la vostra disposici\u00f3 una s\u00e8rie de caselles que us permetran decidir de manera clara i senzilla sobre l&#039;\u00fas de la vostra informaci\u00f3 personal.<\/p><p><br \/>\uf0b7 <strong>Qui coneixer\u00e0 la informaci\u00f3 que us demanem?<\/strong><br \/>Amb car\u00e0cter general, nom\u00e9s el personal de la nostra entitat que estigui degudament<br \/>autoritzat podr\u00e0 tenir coneixement de la informaci\u00f3 que us demanem.<br \/>De la mateixa manera, podran tenir coneixement de la seva informaci\u00f3 personal aquelles entitats que necessitin tenir-hi acc\u00e9s perqu\u00e8 puguem prestar-li els nostres serveis. Aix\u00ed, per exemple, el nostre banc coneixer\u00e0 les vostres dades si el pagament dels nostres serveis es realitza mitjan\u00e7ant targeta o transfer\u00e8ncia banc\u00e0ria.<br \/>Aix\u00ed mateix, tindran coneixement de la seva informaci\u00f3 aquelles entitats p\u00fabliques o privades<br \/>a les quals estiguem obligats a facilitar les seves dades personals amb motiu del<br \/>compliment d&#039;alguna llei. Posant-li un exemple, la Llei Tribut\u00e0ria obliga a facilitar la<br \/>Ag\u00e8ncia Tribut\u00e0ria determinada informaci\u00f3 sobre operacions econ\u00f2miques que superin<br \/>una determinada quantitat.<br \/>En cas que, al marge dels sup\u00f2sits comentats, necessitem donar a con\u00e8ixer la seva<br \/>informaci\u00f3 personal a altres entitats, us sol\u00b7licitarem pr\u00e8viament el vostre perm\u00eds a trav\u00e9s d&#039;opcions clares que us permetran decidir sobre aix\u00f2.<\/p><p><br \/>\uf0b7 <strong>Com protegirem les vostres dades?<\/strong><br \/>Protegirem les vostres dades amb mesures de seguretat eficaces en funci\u00f3 dels riscos que<br \/>comporteu l&#039;\u00fas de la vostra informaci\u00f3.<br \/>Per aix\u00f2, la nostra entitat ha aprovat una Pol\u00edtica de Protecci\u00f3 de Dades i es realitzen controls i auditories anuals per verificar que les seves dades personals estan segures a<br \/>tot moment.<\/p><p><br \/>\uf0b7 <strong>Enviarem les vostres dades a altres pa\u00efsos?<\/strong><br \/>Al m\u00f3n hi ha pa\u00efsos que s\u00f3n segurs per a les seves dades i d&#039;altres que no ho s\u00f3n tant. Aix\u00ed, per exemple, la Uni\u00f3 Europea \u00e9s un entorn segur per a les vostres dades. La nostra pol\u00edtica \u00e9s no enviar la vostra informaci\u00f3 personal a cap pa\u00eds que no sigui segur des del punt de vista de la protecci\u00f3 de les vostres dades.<br \/>En cas que, amb motiu de prestar-li el servei, sigui imprescindible enviar les vostres dades a un pa\u00eds que no sigui tan segur com Espanya, sempre us sol\u00b7licitarem pr\u00e8viament el vostre perm\u00eds i aplicarem mesures de seguretat eficaces que redueixin els riscos de l&#039;enviament de la vostra informaci\u00f3 personal a un altre pa\u00eds.<\/p><p><br \/>\uf0b7 <strong>Durant quant de temps conservarem les vostres dades?<\/strong><br \/>Conservarem les vostres dades durant la nostra relaci\u00f3 i mentre ens obliguin les lleis. Un cop finalitzats els terminis legals aplicables, procedirem a eliminar-los de manera segura i respectuosa amb el medi ambient.<\/p><p><br \/>\uf0b7 <strong>Quins s\u00f3n els vostres drets de protecci\u00f3 de dades?<\/strong><br \/>En qualsevol moment us podeu adre\u00e7ar a nosaltres per saber quina informaci\u00f3 tenim sobre v\u00f3s, rectificar-la si fos incorrecta i eliminar-la un cop finalitzada la nostra relaci\u00f3, en el cas que aix\u00f2 sigui legalment possible.<br \/>Tamb\u00e9 teniu dret a sol\u00b7licitar el trasp\u00e0s de la vostra informaci\u00f3 a una altra entitat. Aquest dret s&#039;anomena portabilitat i pot ser \u00fatil en determinades situacions.<br \/>Per sol\u00b7licitar algun d&#039;aquests drets, heu de fer una sol\u00b7licitud escrita a la nostra adre\u00e7a, per poder-lo identificar.<br \/>A les oficines de la nostra entitat disposem de formularis espec\u00edfics per sol\u00b7licitar aquests drets i us oferim la nostra ajuda per emplenar-la.<br \/>Per saber m\u00e9s sobre els seus drets de protecci\u00f3 de dades, podeu consultar la<br \/>p\u00e0gina web de l&#039;Ag\u00e8ncia Espanyola de Protecci\u00f3 de Dades (www.aepd.es).<\/p><p><br \/>\uf0b7 <strong>Podeu retirar el vostre consentiment si canvieu d&#039;opini\u00f3 en un moment posterior?<\/strong><br \/>Vost\u00e8 pot retirar el seu consentiment si canvia dopini\u00f3 sobre l\u00fas de les seves dades en qualsevol moment.<br \/>Aix\u00ed per exemple, si vost\u00e8 al seu dia va estar interessat\/da a rebre publicitat dels nostres<br \/>productes o serveis, per\u00f2 ja no voleu rebre m\u00e9s publicitat, podeu fer-nos-ho constar a trav\u00e9s del formulari d&#039;oposici\u00f3 al tractament disponible a les oficines de la nostra<br \/>entitat.<\/p><p><br \/>\uf0b7<strong> En cas que entengueu que els vostres drets han estat desatesos, on podeu<\/strong><br \/><strong>formular una reclamaci\u00f3?<\/strong><br \/>En cas que entengueu que els vostres drets han estat desatesos per la nostra entitat, podeu formular una reclamaci\u00f3 a l&#039;Ag\u00e8ncia Espanyola de Protecci\u00f3 de Dades, a trav\u00e9s d&#039;algun dels mitjans seg\u00fcents:<br \/>o Seu electr\u00f2nica: www.aepd.es<br \/>o Adre\u00e7a postal:<br \/>Ag\u00e8ncia Espanyola de Protecci\u00f3 de Dades<br \/>C\/ Jorge Juan, 6<br \/>28001-Madrid<br \/>o Via telef\u00f2nica:<br \/>Telf. 901 100 099<br \/>Telf. 91 266 35 17<\/p><p>\u00a0<\/p><p>Formular una reclamaci\u00f3 a l&#039;Ag\u00e8ncia Espanyola de Protecci\u00f3 de Dades no comporta cap cost i no cal l&#039;assist\u00e8ncia d&#039;advocat ni procurador.<\/p><p><br \/>\uf0b7 \u00bf<strong>Elaborarem perfils sobre vost\u00e8?<\/strong><br \/>La nostra pol\u00edtica \u00e9s no fer perfils sobre els usuaris dels nostres serveis.<br \/>No obstant aix\u00f2, poden existir situacions en qu\u00e8, amb finalitats de prestaci\u00f3 del servei, comercials o d&#039;un altre tipus, necessitem elaborar perfils d&#039;informaci\u00f3 sobre vosaltres. Un<br \/>exemple pogu\u00e9s ser la utilitzaci\u00f3 del seu historial de compres o serveis per poder oferir productes o serveis adaptats als seus gustos o necessitats.<br \/>En aquest cas, aplicarem mesures de seguretat eficaces que protegeixin la seva informaci\u00f3 en tot moment de persones no autoritzades que pretenguin utilitzar-la en benefici propi.<\/p><p><br \/>\uf0b7 <strong>Usarem les vostres dades per a altres fins?<\/strong><br \/>La nostra pol\u00edtica \u00e9s no utilitzar les vostres dades per a altres finalitats diferents de les que us hem explicat. Si, per\u00f2, necessit\u00e9ssim utilitzar les seves dades per a activitats diferents, sempre us sol\u00b7licitarem pr\u00e8viament el vostre perm\u00eds a trav\u00e9s d&#039;opcions clares que us permetran decidir sobre aix\u00f2.<\/p>\t\t\t\t\t\t\t\t<\/div>\n\t\t\t\t\t<\/div>\n\t\t\t\t<\/div>\n\t\t\t\t<\/div>","protected":false},"excerpt":{"rendered":"<p>Informaci\u00f3n en cumplimiento de la normativa de protecci\u00f3n de datos personales En Europa y en Espa\u00f1a existen normas de protecci\u00f3n de datos pensadas para proteger suinformaci\u00f3n personal de obligado cumplimiento para nuestra entidad. Por ello, es muy importante para nosotros que entienda perfectamente qu\u00e9 vamos a hacer con los datos personales que le pedimos.As\u00ed, seremos [&hellip;]<\/p>\n","protected":false},"author":1,"featured_media":0,"parent":0,"menu_order":0,"comment_status":"closed","ping_status":"closed","template":"","meta":{"footnotes":""},"class_list":["post-551","page","type-page","status-publish","hentry"],"_links":{"self":[{"href":"https:\/\/metodopeniel.es\/ca\/wp-json\/wp\/v2\/pages\/551","targetHints":{"allow":["GET"]}}],"collection":[{"href":"https:\/\/metodopeniel.es\/ca\/wp-json\/wp\/v2\/pages"}],"about":[{"href":"https:\/\/metodopeniel.es\/ca\/wp-json\/wp\/v2\/types\/page"}],"author":[{"embeddable":true,"href":"https:\/\/metodopeniel.es\/ca\/wp-json\/wp\/v2\/users\/1"}],"replies":[{"embeddable":true,"href":"https:\/\/metodopeniel.es\/ca\/wp-json\/wp\/v2\/comments?post=551"}],"version-history":[{"count":7,"href":"https:\/\/metodopeniel.es\/ca\/wp-json\/wp\/v2\/pages\/551\/revisions"}],"predecessor-version":[{"id":852,"href":"https:\/\/metodopeniel.es\/ca\/wp-json\/wp\/v2\/pages\/551\/revisions\/852"}],"wp:attachment":[{"href":"https:\/\/metodopeniel.es\/ca\/wp-json\/wp\/v2\/media?parent=551"}],"curies":[{"name":"wp","href":"https:\/\/api.w.org\/{rel}","templated":true}]}}