{"id":551,"date":"2025-11-10T19:45:31","date_gmt":"2025-11-10T19:45:31","guid":{"rendered":"https:\/\/metodopeniel.es\/?page_id=551"},"modified":"2026-04-21T11:37:48","modified_gmt":"2026-04-21T11:37:48","slug":"privacy-policy","status":"publish","type":"page","link":"https:\/\/metodopeniel.es\/en\/privacy-policy\/","title":{"rendered":"Privacy Policy"},"content":{"rendered":"<div data-elementor-type=\"wp-page\" data-elementor-id=\"551\" class=\"elementor elementor-551\" data-elementor-post-type=\"page\">\n\t\t\t\t<div class=\"elementor-element elementor-element-2517c5d e-flex e-con-boxed e-con e-parent\" data-id=\"2517c5d\" data-element_type=\"container\" data-e-type=\"container\">\n\t\t\t\t\t<div class=\"e-con-inner\">\n\t\t\t\t<div class=\"elementor-element elementor-element-9088ae9 elementor-widget elementor-widget-heading\" data-id=\"9088ae9\" data-element_type=\"widget\" data-e-type=\"widget\" data-widget_type=\"heading.default\">\n\t\t\t\t\t<h1 class=\"elementor-heading-title elementor-size-default\">Privacy Policy<\/h1>\t\t\t\t<\/div>\n\t\t\t\t<div class=\"elementor-element elementor-element-0eb36c0 elementor-widget elementor-widget-text-editor\" data-id=\"0eb36c0\" data-element_type=\"widget\" data-e-type=\"widget\" data-widget_type=\"text-editor.default\">\n\t\t\t\t\t\t\t\t\t<p>Information in compliance with personal data protection regulations<\/p><p>In Europe and in Spain there are data protection regulations designed to protect your<br \/>Personal information is mandatory for our organization. Therefore, it is very important to us that you fully understand what we will do with the personal data we request from you.<br \/>In this way, we will be transparent and give you control of your data, with simple language and clear options that will allow you to decide what we do with your personal information.<br \/>Please, if you have any questions after reading this information, do not hesitate to ask us.<br \/>Thank you very much for your collaboration.<\/p><p><br \/>\uf0b7 <strong>Who are we?<\/strong><br \/>Our name: MILENA ORTEGA CUBERO<br \/>Our CIF \/ NIF: 17571657W<br \/>Our main activity: Facilitator of the PENIEL Method<br \/>Our address: Rambla d&#039;Egara 370, 6-2, 08221 \u2013 TERRASSA (Barcelona)<br \/>Our contact phone number: +34 691743713<br \/>or Our contact email address:<br \/>milena.ortega@metodopeniel.com<br \/>o Our website: https:\/\/www.metodopeniel.es<\/p><p>We are at your service, please do not hesitate to contact us.<\/p><p><br \/>\uf0b7 <strong>What will we use your data for?<\/strong><\/p><p>In general, your personal data will be used to communicate with you and provide you with our services.<br \/>They can also be used for other activities, such as sending you advertising or promoting our activities.<\/p><p><br \/>\uf0b7 <strong>Why do we need to use your data?<\/strong><br \/>Your personal data is necessary for us to communicate with you and provide our services. To this end, we will provide you with a series of checkboxes that will allow you to clearly and easily decide how your personal information is used.<\/p><p><br \/>\uf0b7 <strong>Who will know the information we&#039;re asking for?<\/strong><br \/>Generally speaking, only staff from our organization who are properly authorized<br \/>The authorized person will be able to access the information we request.<br \/>Similarly, your personal information may be shared with entities that need access to it in order for us to provide our services. For example, our bank will have access to your information if you pay for our services by card or bank transfer.<br \/>Likewise, public or private entities will be made aware of this information.<br \/>to which we are obliged to provide your personal data for the purpose of<br \/>compliance with a law. To give you an example, the Tax Law requires providing the<br \/>The Tax Agency requires certain information on economic transactions that exceed<br \/>a certain amount.<br \/>In the event that, apart from the aforementioned assumptions, we need to make known your<br \/>If we share your personal information with other entities, we will ask for your permission beforehand through clear options that will allow you to decide in this regard.<\/p><p><br \/>\uf0b7 <strong>How will we protect your data?<\/strong><br \/>We will protect your data with effective security measures based on the risks that<br \/>involves the use of your information.<br \/>To this end, our organization has approved a Data Protection Policy and annual controls and audits are carried out to verify that your personal data is secure in<br \/>all times.<\/p><p><br \/>\uf0b7 <strong>Will we send your data to other countries?<\/strong><br \/>Some countries in the world are safe for your data, while others are not. For example, the European Union is a safe environment for your data. Our policy is not to send your personal information to any country that is not considered safe from a data protection standpoint.<br \/>If, in order to provide you with the service, it becomes essential to send your data to a country that is not as secure as Spain, we will always ask for your permission beforehand and apply effective security measures to reduce the risks of sending your personal information to another country.<\/p><p><br \/>\uf0b7 <strong>How long will we keep your data?<\/strong><br \/>We will retain your data for the duration of our relationship and as long as required by law. Once the applicable legal retention periods have expired, we will securely and responsibly delete your data.<\/p><p><br \/>\uf0b7 <strong>What are your data protection rights?<\/strong><br \/>You can contact us at any time to find out what information we have about you, correct it if it is incorrect, and delete it once our relationship has ended, if legally possible.<br \/>You also have the right to request the transfer of your information to another entity. This right is called &quot;data portability&quot; and can be useful in certain situations.<br \/>To request any of these rights, you must submit a written request to our address so that we can identify you.<br \/>In our organization&#039;s offices we have specific forms to request these rights and we offer our help in completing them.<br \/>To learn more about your data protection rights, you can consult the<br \/>website of the Spanish Data Protection Agency (www.aepd.es).<\/p><p><br \/>\uf0b7 <strong>Can you withdraw your consent if you change your mind at a later time?<\/strong><br \/>You can withdraw your consent if you change your mind about the use of your data at any time.<br \/>For example, if you were once interested in receiving advertising from our<br \/>If you are interested in receiving advertising for our products or services, but no longer wish to receive such advertising, you can inform us by using the objection to processing form available at our offices.<br \/>entity.<\/p><p><br \/>\uf0b7<strong> If you believe your rights have been violated, where can you<\/strong><br \/><strong>file a complaint?<\/strong><br \/>If you believe that your rights have been disregarded by our organization, you may file a complaint with the Spanish Data Protection Agency through one of the following means:<br \/>or Electronic Headquarters: www.aepd.es<br \/>or Postal address:<br \/>Spanish Data Protection Agency<br \/>C\/ Jorge Juan, 6<br \/>28001-Madrid<br \/>or By telephone:<br \/>Tel. 901 100 099<br \/>Tel. 91 266 35 17<\/p><p>\u00a0<\/p><p>Filing a complaint with the Spanish Data Protection Agency is free of charge and does not require the assistance of a lawyer or solicitor.<\/p><p><br \/>\uf0b7 \u00bf<strong>Will we create profiles about you?<\/strong><br \/>Our policy is not to create profiles of our service users.<br \/>However, there may be situations in which, for service provision, commercial, or other purposes, we need to create information profiles about you.<br \/>An example could be the use of your purchase or service history to offer you products or services tailored to your tastes or needs.<br \/>In such a case, we will apply effective security measures to protect your information at all times from unauthorized persons who intend to use it for their own benefit.<\/p><p><br \/>\uf0b7 <strong>Will we use your data for other purposes?<\/strong><br \/>Our policy is not to use your data for any purposes other than those we have explained to you. If, however, we need to use your data for other activities, we will always ask for your permission beforehand through clear options that will allow you to decide.<\/p>\t\t\t\t\t\t\t\t<\/div>\n\t\t\t\t\t<\/div>\n\t\t\t\t<\/div>\n\t\t\t\t<\/div>","protected":false},"excerpt":{"rendered":"<p>Informaci\u00f3n en cumplimiento de la normativa de protecci\u00f3n de datos personales En Europa y en Espa\u00f1a existen normas de protecci\u00f3n de datos pensadas para proteger suinformaci\u00f3n personal de obligado cumplimiento para nuestra entidad. Por ello, es muy importante para nosotros que entienda perfectamente qu\u00e9 vamos a hacer con los datos personales que le pedimos.As\u00ed, seremos [&hellip;]<\/p>\n","protected":false},"author":1,"featured_media":0,"parent":0,"menu_order":0,"comment_status":"closed","ping_status":"closed","template":"","meta":{"footnotes":""},"class_list":["post-551","page","type-page","status-publish","hentry"],"_links":{"self":[{"href":"https:\/\/metodopeniel.es\/en\/wp-json\/wp\/v2\/pages\/551","targetHints":{"allow":["GET"]}}],"collection":[{"href":"https:\/\/metodopeniel.es\/en\/wp-json\/wp\/v2\/pages"}],"about":[{"href":"https:\/\/metodopeniel.es\/en\/wp-json\/wp\/v2\/types\/page"}],"author":[{"embeddable":true,"href":"https:\/\/metodopeniel.es\/en\/wp-json\/wp\/v2\/users\/1"}],"replies":[{"embeddable":true,"href":"https:\/\/metodopeniel.es\/en\/wp-json\/wp\/v2\/comments?post=551"}],"version-history":[{"count":7,"href":"https:\/\/metodopeniel.es\/en\/wp-json\/wp\/v2\/pages\/551\/revisions"}],"predecessor-version":[{"id":852,"href":"https:\/\/metodopeniel.es\/en\/wp-json\/wp\/v2\/pages\/551\/revisions\/852"}],"wp:attachment":[{"href":"https:\/\/metodopeniel.es\/en\/wp-json\/wp\/v2\/media?parent=551"}],"curies":[{"name":"wp","href":"https:\/\/api.w.org\/{rel}","templated":true}]}}